{"id":48,"date":"2024-09-05T11:16:34","date_gmt":"2024-09-05T11:16:34","guid":{"rendered":"https:\/\/construccionesyreformaspuchi.es\/?page_id=48"},"modified":"2024-12-19T11:18:11","modified_gmt":"2024-12-19T11:18:11","slug":"inicio","status":"publish","type":"page","link":"https:\/\/construccionesyreformaspuchi.es\/en\/","title":{"rendered":"Home"},"content":{"rendered":"<div data-elementor-type=\"wp-page\" data-elementor-id=\"48\" class=\"elementor elementor-48\">\n\t\t\t\t\t\t<section class=\"elementor-section elementor-top-section elementor-element elementor-element-6d295632 elementor-section-height-full elementor-section-boxed elementor-section-height-default elementor-section-items-middle\" data-id=\"6d295632\" data-element_type=\"section\" data-settings=\"{&quot;background_background&quot;:&quot;video&quot;,&quot;shape_divider_bottom&quot;:&quot;triangle&quot;,&quot;shape_divider_bottom_negative&quot;:&quot;yes&quot;,&quot;background_video_link&quot;:&quot;https:\\\/\\\/youtu.be\\\/kVMtxgrlZOo&quot;,&quot;background_video_start&quot;:0}\">\n\t\t\t\t\t\t\t\t<div class=\"elementor-background-video-container elementor-hidden-mobile\">\n\t\t\t\t\t\t\t\t\t\t\t\t\t<div class=\"elementor-background-video-embed\"><\/div>\n\t\t\t\t\t\t\t\t\t\t\t\t<\/div>\n\t\t\t\t\t\t\t\t\t<div class=\"elementor-background-overlay\"><\/div>\n\t\t\t\t\t\t<div class=\"elementor-shape elementor-shape-bottom\" data-negative=\"true\">\n\t\t\t<svg xmlns=\"http:\/\/www.w3.org\/2000\/svg\" viewbox=\"0 0 1000 100\" preserveaspectratio=\"none\">\n\t<path class=\"elementor-shape-fill\" d=\"M500.2,94.7L0,0v100h1000V0L500.2,94.7z\"\/>\n<\/svg>\t\t<\/div>\n\t\t\t\t\t<div class=\"elementor-container elementor-column-gap-default\">\n\t\t\t\t\t<div class=\"elementor-column elementor-col-100 elementor-top-column elementor-element elementor-element-adbaf57\" data-id=\"adbaf57\" data-element_type=\"column\">\n\t\t\t<div class=\"elementor-widget-wrap elementor-element-populated\">\n\t\t\t\t\t\t<div class=\"elementor-element elementor-element-7f7a1077 elementor-invisible elementor-widget elementor-widget-heading\" data-id=\"7f7a1077\" data-element_type=\"widget\" data-settings=\"{&quot;_animation&quot;:&quot;fadeInUp&quot;}\" data-widget_type=\"heading.default\">\n\t\t\t\t<div class=\"elementor-widget-container\">\n\t\t\t\t\t<h1 class=\"elementor-heading-title elementor-size-xl\"><strong>Puchi Reforms<\/strong> <\/h1>\t\t\t\t<\/div>\n\t\t\t\t<\/div>\n\t\t\t\t<div class=\"elementor-element elementor-element-30f792bc elementor-invisible elementor-widget elementor-widget-heading\" data-id=\"30f792bc\" data-element_type=\"widget\" data-settings=\"{&quot;_animation&quot;:&quot;fadeInUp&quot;,&quot;_animation_delay&quot;:400}\" data-widget_type=\"heading.default\">\n\t\t\t\t<div class=\"elementor-widget-container\">\n\t\t\t\t\t<h2 class=\"elementor-heading-title elementor-size-xxl\">Quality and confidence in every project.<\/h2>\t\t\t\t<\/div>\n\t\t\t\t<\/div>\n\t\t\t\t<section class=\"elementor-section elementor-inner-section elementor-element elementor-element-4da8b5a1 elementor-section-boxed elementor-section-height-default elementor-section-height-default\" data-id=\"4da8b5a1\" data-element_type=\"section\">\n\t\t\t\t\t\t<div class=\"elementor-container elementor-column-gap-default\">\n\t\t\t\t\t<div class=\"elementor-column elementor-col-100 elementor-inner-column elementor-element elementor-element-712c8bdb\" data-id=\"712c8bdb\" data-element_type=\"column\">\n\t\t\t<div class=\"elementor-widget-wrap elementor-element-populated\">\n\t\t\t\t\t\t<div class=\"elementor-element elementor-element-2236dd1b elementor-align-center elementor-widget elementor-widget-button\" data-id=\"2236dd1b\" data-element_type=\"widget\" data-widget_type=\"button.default\">\n\t\t\t\t<div class=\"elementor-widget-container\">\n\t\t\t\t\t\t\t\t\t<div class=\"elementor-button-wrapper\">\n\t\t\t\t\t<a class=\"elementor-button elementor-button-link elementor-size-md elementor-animation-grow\" href=\"https:\/\/construccionesyreformaspuchi.es\/en\/quienes-somos\/\">\n\t\t\t\t\t\t<span class=\"elementor-button-content-wrapper\">\n\t\t\t\t\t\t\t\t\t<span class=\"elementor-button-text\">ABOUT US<\/span>\n\t\t\t\t\t<\/span>\n\t\t\t\t\t<\/a>\n\t\t\t\t<\/div>\n\t\t\t\t\t\t\t\t<\/div>\n\t\t\t\t<\/div>\n\t\t\t\t\t<\/div>\n\t\t<\/div>\n\t\t\t\t\t<\/div>\n\t\t<\/section>\n\t\t\t\t\t<\/div>\n\t\t<\/div>\n\t\t\t\t\t<\/div>\n\t\t<\/section>\n\t\t\t\t<section class=\"elementor-section elementor-top-section elementor-element elementor-element-35976248 elementor-section-boxed elementor-section-height-default elementor-section-height-default\" data-id=\"35976248\" data-element_type=\"section\" data-settings=\"{&quot;background_background&quot;:&quot;classic&quot;}\">\n\t\t\t\t\t\t<div class=\"elementor-container elementor-column-gap-wider\">\n\t\t\t\t\t<div class=\"elementor-column elementor-col-50 elementor-top-column elementor-element elementor-element-2619c58a\" data-id=\"2619c58a\" data-element_type=\"column\">\n\t\t\t<div class=\"elementor-widget-wrap elementor-element-populated\">\n\t\t\t\t\t\t<div class=\"elementor-element elementor-element-39d9889d elementor-invisible elementor-widget elementor-widget-heading\" data-id=\"39d9889d\" data-element_type=\"widget\" data-settings=\"{&quot;_animation&quot;:&quot;fadeInLeft&quot;}\" data-widget_type=\"heading.default\">\n\t\t\t\t<div class=\"elementor-widget-container\">\n\t\t\t\t\t<h3 class=\"elementor-heading-title elementor-size-xl\">Our experience<span style=\"font-size: 2.5rem\"><\/span><\/h3>\t\t\t\t<\/div>\n\t\t\t\t<\/div>\n\t\t\t\t<div class=\"elementor-element elementor-element-6d54ef36 elementor-invisible elementor-widget elementor-widget-text-editor\" data-id=\"6d54ef36\" data-element_type=\"widget\" data-settings=\"{&quot;_animation&quot;:&quot;fadeInUp&quot;,&quot;_animation_delay&quot;:400}\" data-widget_type=\"text-editor.default\">\n\t\t\t\t<div class=\"elementor-widget-container\">\n\t\t\t\t\t\t\t\t\t<p>Our experience supports us: more than 20 years transforming spaces with passion and dedication. At Reformas Puchi, every project is a commitment to excellence, offering creative and high quality solutions that make our clients' dreams come true.<\/p>\t\t\t\t\t\t\t\t<\/div>\n\t\t\t\t<\/div>\n\t\t\t\t\t<\/div>\n\t\t<\/div>\n\t\t\t\t<div class=\"elementor-column elementor-col-50 elementor-top-column elementor-element elementor-element-24c479d6\" data-id=\"24c479d6\" data-element_type=\"column\">\n\t\t\t<div class=\"elementor-widget-wrap elementor-element-populated\">\n\t\t\t\t\t\t<div class=\"elementor-element elementor-element-4e978a92 elementor-invisible elementor-widget elementor-widget-image\" data-id=\"4e978a92\" data-element_type=\"widget\" data-settings=\"{&quot;_animation&quot;:&quot;fadeInUp&quot;}\" data-widget_type=\"image.default\">\n\t\t\t\t<div class=\"elementor-widget-container\">\n\t\t\t\t\t\t\t\t\t\t\t\t\t\t\t<img fetchpriority=\"high\" decoding=\"async\" width=\"768\" height=\"818\" src=\"https:\/\/construccionesyreformaspuchi.es\/wp-content\/uploads\/2024\/09\/IMG-20240808-WA0050-1.jpg\" class=\"attachment-medium_large size-medium_large wp-image-125\" alt=\"\" srcset=\"https:\/\/construccionesyreformaspuchi.es\/wp-content\/uploads\/2024\/09\/IMG-20240808-WA0050-1.jpg 768w, https:\/\/construccionesyreformaspuchi.es\/wp-content\/uploads\/2024\/09\/IMG-20240808-WA0050-1-282x300.jpg 282w, https:\/\/construccionesyreformaspuchi.es\/wp-content\/uploads\/2024\/09\/IMG-20240808-WA0050-1-11x12.jpg 11w\" sizes=\"(max-width: 768px) 100vw, 768px\" \/>\t\t\t\t\t\t\t\t\t\t\t\t\t\t\t<\/div>\n\t\t\t\t<\/div>\n\t\t\t\t\t<\/div>\n\t\t<\/div>\n\t\t\t\t\t<\/div>\n\t\t<\/section>\n\t\t\t\t<section class=\"elementor-section elementor-top-section elementor-element elementor-element-3c784c79 elementor-section-boxed elementor-section-height-default elementor-section-height-default\" data-id=\"3c784c79\" data-element_type=\"section\" data-settings=\"{&quot;background_background&quot;:&quot;classic&quot;,&quot;shape_divider_top&quot;:&quot;triangle&quot;,&quot;shape_divider_top_negative&quot;:&quot;yes&quot;}\">\n\t\t\t\t\t\t\t<div class=\"elementor-background-overlay\"><\/div>\n\t\t\t\t\t\t<div class=\"elementor-shape elementor-shape-top\" data-negative=\"true\">\n\t\t\t<svg xmlns=\"http:\/\/www.w3.org\/2000\/svg\" viewbox=\"0 0 1000 100\" preserveaspectratio=\"none\">\n\t<path class=\"elementor-shape-fill\" d=\"M500.2,94.7L0,0v100h1000V0L500.2,94.7z\"\/>\n<\/svg>\t\t<\/div>\n\t\t\t\t\t<div class=\"elementor-container elementor-column-gap-default\">\n\t\t\t\t\t<div class=\"elementor-column elementor-col-100 elementor-top-column elementor-element elementor-element-49b2b909\" data-id=\"49b2b909\" data-element_type=\"column\">\n\t\t\t<div class=\"elementor-widget-wrap elementor-element-populated\">\n\t\t\t\t\t\t<div class=\"elementor-element elementor-element-2f156c44 elementor-invisible elementor-widget elementor-widget-heading\" data-id=\"2f156c44\" data-element_type=\"widget\" data-settings=\"{&quot;_animation&quot;:&quot;fadeInLeft&quot;}\" data-widget_type=\"heading.default\">\n\t\t\t\t<div class=\"elementor-widget-container\">\n\t\t\t\t\t<h2 class=\"elementor-heading-title elementor-size-xxl\">Our Works: Transformations with Style<\/h2>\t\t\t\t<\/div>\n\t\t\t\t<\/div>\n\t\t\t\t<div class=\"elementor-element elementor-element-4667173a elementor-invisible elementor-widget elementor-widget-text-editor\" data-id=\"4667173a\" data-element_type=\"widget\" data-settings=\"{&quot;_animation&quot;:&quot;fadeInUp&quot;,&quot;_animation_delay&quot;:400}\" data-widget_type=\"text-editor.default\">\n\t\t\t\t<div class=\"elementor-widget-container\">\n\t\t\t\t\t\t\t\t\t<p>At Reformas Puchi, every project is an opportunity to create unique and functional spaces. Explore our recent work to see how we turn your ideas into reality. From complete renovations to small changes, our work speaks for itself.<\/p>\t\t\t\t\t\t\t\t<\/div>\n\t\t\t\t<\/div>\n\t\t\t\t<div class=\"elementor-element elementor-element-4b31e09c product_carousel elementor-arrows-position-inside elementor-pagination-position-outside elementor-widget elementor-widget-image-carousel\" data-id=\"4b31e09c\" data-element_type=\"widget\" data-settings=\"{&quot;slides_to_show&quot;:&quot;3&quot;,&quot;slides_to_scroll&quot;:&quot;4&quot;,&quot;navigation&quot;:&quot;both&quot;,&quot;autoplay&quot;:&quot;yes&quot;,&quot;pause_on_hover&quot;:&quot;yes&quot;,&quot;pause_on_interaction&quot;:&quot;yes&quot;,&quot;autoplay_speed&quot;:5000,&quot;infinite&quot;:&quot;yes&quot;,&quot;speed&quot;:500}\" data-widget_type=\"image-carousel.default\">\n\t\t\t\t<div class=\"elementor-widget-container\">\n\t\t\t\t\t\t\t<div class=\"elementor-image-carousel-wrapper swiper\" role=\"region\" aria-roledescription=\"carousel\" aria-label=\"Carrusel de im\u00e1genes\" dir=\"ltr\">\n\t\t\t<div class=\"elementor-image-carousel swiper-wrapper\" aria-live=\"off\">\n\t\t\t\t\t\t\t\t<div class=\"swiper-slide\" role=\"group\" aria-roledescription=\"slide\" aria-label=\"1 of 4\" data-no-translation-aria-label=\"\"><figure class=\"swiper-slide-inner\"><img decoding=\"async\" class=\"swiper-slide-image\" src=\"https:\/\/construccionesyreformaspuchi.es\/wp-content\/uploads\/elementor\/thumbs\/IMG-20240808-WA0029-qtpc4bo5rlz2df3r3ka0sckvvlctwf9k5kgtajfvk8.jpg\" alt=\"IMG-20240808-WA0029\" \/><\/figure><\/div><div class=\"swiper-slide\" role=\"group\" aria-roledescription=\"slide\" aria-label=\"2 of 4\" data-no-translation-aria-label=\"\"><figure class=\"swiper-slide-inner\"><img decoding=\"async\" class=\"swiper-slide-image\" src=\"https:\/\/construccionesyreformaspuchi.es\/wp-content\/uploads\/elementor\/thumbs\/IMG-20240808-WA0045-qtpc4clzyg0cp12dy2oncuccgz8744dahp4artehe0.jpg\" alt=\"IMG-20240808-WA0045\" \/><\/figure><\/div><div class=\"swiper-slide\" role=\"group\" aria-roledescription=\"slide\" aria-label=\"3 of 4\" data-no-translation-aria-label=\"\"><figure class=\"swiper-slide-inner\"><img decoding=\"async\" class=\"swiper-slide-image\" src=\"https:\/\/construccionesyreformaspuchi.es\/wp-content\/uploads\/elementor\/thumbs\/IMG-20240808-WA0046-qtpc4ehoc42xc8znn3hwhtv9nqyxjikr5yf9qdbp1k.jpg\" alt=\"IMG-20240808-WA0046\" \/><\/figure><\/div><div class=\"swiper-slide\" role=\"group\" aria-roledescription=\"slide\" aria-label=\"4 of 4\" data-no-translation-aria-label=\"\"><figure class=\"swiper-slide-inner\"><img decoding=\"async\" class=\"swiper-slide-image\" src=\"https:\/\/construccionesyreformaspuchi.es\/wp-content\/uploads\/elementor\/thumbs\/IMG-20240808-WA0050-1-qtpbw0rhealvtf5xkz2nrg0az2a3woax0h0eojr2iw.jpg\" alt=\"IMG-20240808-WA0050\" \/><\/figure><\/div>\t\t\t<\/div>\n\t\t\t\t\t\t\t\t\t\t\t\t<div class=\"elementor-swiper-button elementor-swiper-button-prev\" role=\"button\" tabindex=\"0\">\n\t\t\t\t\t\t<svg aria-hidden=\"true\" class=\"e-font-icon-svg e-eicon-chevron-left\" viewbox=\"0 0 1000 1000\" xmlns=\"http:\/\/www.w3.org\/2000\/svg\"><path d=\"M646 125C629 125 613 133 604 142L308 442C296 454 292 471 292 487 292 504 296 521 308 533L604 854C617 867 629 875 646 875 663 875 679 871 692 858 704 846 713 829 713 812 713 796 708 779 692 767L438 487 692 225C700 217 708 204 708 187 708 171 704 154 692 142 675 129 663 125 646 125Z\"><\/path><\/svg>\t\t\t\t\t<\/div>\n\t\t\t\t\t<div class=\"elementor-swiper-button elementor-swiper-button-next\" role=\"button\" tabindex=\"0\">\n\t\t\t\t\t\t<svg aria-hidden=\"true\" class=\"e-font-icon-svg e-eicon-chevron-right\" viewbox=\"0 0 1000 1000\" xmlns=\"http:\/\/www.w3.org\/2000\/svg\"><path d=\"M696 533C708 521 713 504 713 487 713 471 708 454 696 446L400 146C388 133 375 125 354 125 338 125 325 129 313 142 300 154 292 171 292 187 292 204 296 221 308 233L563 492 304 771C292 783 288 800 288 817 288 833 296 850 308 863 321 871 338 875 354 875 371 875 388 867 400 854L696 533Z\"><\/path><\/svg>\t\t\t\t\t<\/div>\n\t\t\t\t\n\t\t\t\t\t\t\t\t\t<div class=\"swiper-pagination\"><\/div>\n\t\t\t\t\t\t\t\t\t<\/div>\n\t\t\t\t\t\t<\/div>\n\t\t\t\t<\/div>\n\t\t\t\t\t<\/div>\n\t\t<\/div>\n\t\t\t\t\t<\/div>\n\t\t<\/section>\n\t\t\t\t<\/div>","protected":false},"excerpt":{"rendered":"<p>Reformas Puchi Calidad y confianza en cada proyecto. CON\u00d3CENOS Nuestra experiencia Nuestra experiencia nos avala: m\u00e1s de 20 a\u00f1os transformando [&hellip;]<\/p>","protected":false},"author":1,"featured_media":0,"parent":0,"menu_order":0,"comment_status":"closed","ping_status":"closed","template":"","meta":{"site-sidebar-layout":"default","site-content-layout":"","ast-site-content-layout":"","site-content-style":"default","site-sidebar-style":"default","ast-global-header-display":"","ast-banner-title-visibility":"","ast-main-header-display":"","ast-hfb-above-header-display":"","ast-hfb-below-header-display":"","ast-hfb-mobile-header-display":"","site-post-title":"","ast-breadcrumbs-content":"","ast-featured-img":"","footer-sml-layout":"","theme-transparent-header-meta":"","adv-header-id-meta":"","stick-header-meta":"","header-above-stick-meta":"","header-main-stick-meta":"","header-below-stick-meta":"","astra-migrate-meta-layouts":"default","ast-page-background-enabled":"default","ast-page-background-meta":{"desktop":{"background-color":"var(--ast-global-color-4)","background-image":"","background-repeat":"repeat","background-position":"center center","background-size":"auto","background-attachment":"scroll","background-type":"","background-media":"","overlay-type":"","overlay-color":"","overlay-opacity":"","overlay-gradient":""},"tablet":{"background-color":"","background-image":"","background-repeat":"repeat","background-position":"center center","background-size":"auto","background-attachment":"scroll","background-type":"","background-media":"","overlay-type":"","overlay-color":"","overlay-opacity":"","overlay-gradient":""},"mobile":{"background-color":"","background-image":"","background-repeat":"repeat","background-position":"center center","background-size":"auto","background-attachment":"scroll","background-type":"","background-media":"","overlay-type":"","overlay-color":"","overlay-opacity":"","overlay-gradient":""}},"ast-content-background-meta":{"desktop":{"background-color":"var(--ast-global-color-5)","background-image":"","background-repeat":"repeat","background-position":"center center","background-size":"auto","background-attachment":"scroll","background-type":"","background-media":"","overlay-type":"","overlay-color":"","overlay-opacity":"","overlay-gradient":""},"tablet":{"background-color":"var(--ast-global-color-5)","background-image":"","background-repeat":"repeat","background-position":"center center","background-size":"auto","background-attachment":"scroll","background-type":"","background-media":"","overlay-type":"","overlay-color":"","overlay-opacity":"","overlay-gradient":""},"mobile":{"background-color":"var(--ast-global-color-5)","background-image":"","background-repeat":"repeat","background-position":"center center","background-size":"auto","background-attachment":"scroll","background-type":"","background-media":"","overlay-type":"","overlay-color":"","overlay-opacity":"","overlay-gradient":""}},"footnotes":""},"class_list":["post-48","page","type-page","status-publish","hentry"],"yoast_head":"<!-- This site is optimized with the Yoast SEO plugin v24.2 - https:\/\/yoast.com\/wordpress\/plugins\/seo\/ -->\n<title>Inicio - Construcciones y Reformas Puchi<\/title>\n<meta name=\"robots\" content=\"index, follow, max-snippet:-1, max-image-preview:large, max-video-preview:-1\" \/>\n<link rel=\"canonical\" href=\"https:\/\/construccionesyreformaspuchi.es\/en\/\" \/>\n<meta property=\"og:locale\" content=\"en_US\" \/>\n<meta property=\"og:type\" content=\"article\" \/>\n<meta property=\"og:title\" content=\"Inicio - Construcciones y Reformas Puchi\" \/>\n<meta property=\"og:description\" content=\"Reformas Puchi Calidad y confianza en cada proyecto. CON\u00d3CENOS Nuestra experiencia Nuestra experiencia nos avala: m\u00e1s de 20 a\u00f1os transformando [&hellip;]\" \/>\n<meta property=\"og:url\" content=\"https:\/\/construccionesyreformaspuchi.es\/en\/\" \/>\n<meta property=\"og:site_name\" content=\"Construcciones y Reformas Puchi\" \/>\n<meta property=\"article:modified_time\" content=\"2024-12-19T11:18:11+00:00\" \/>\n<meta property=\"og:image\" content=\"https:\/\/construccionesyreformaspuchi.es\/wp-content\/uploads\/2024\/09\/IMG-20240808-WA0050-1.jpg\" \/>\n\t<meta property=\"og:image:width\" content=\"768\" \/>\n\t<meta property=\"og:image:height\" content=\"818\" \/>\n\t<meta property=\"og:image:type\" content=\"image\/jpeg\" \/>\n<meta name=\"twitter:card\" content=\"summary_large_image\" \/>\n<meta name=\"twitter:label1\" content=\"Est. reading time\" \/>\n\t<meta name=\"twitter:data1\" content=\"3 minutes\" \/>\n<script type=\"application\/ld+json\" class=\"yoast-schema-graph\">{\"@context\":\"https:\/\/schema.org\",\"@graph\":[{\"@type\":\"WebPage\",\"@id\":\"https:\/\/construccionesyreformaspuchi.es\/\",\"url\":\"https:\/\/construccionesyreformaspuchi.es\/\",\"name\":\"Inicio - Construcciones y Reformas Puchi\",\"isPartOf\":{\"@id\":\"https:\/\/construccionesyreformaspuchi.es\/#website\"},\"primaryImageOfPage\":{\"@id\":\"https:\/\/construccionesyreformaspuchi.es\/#primaryimage\"},\"image\":{\"@id\":\"https:\/\/construccionesyreformaspuchi.es\/#primaryimage\"},\"thumbnailUrl\":\"https:\/\/construccionesyreformaspuchi.es\/wp-content\/uploads\/2024\/09\/IMG-20240808-WA0050-1.jpg\",\"datePublished\":\"2024-09-05T11:16:34+00:00\",\"dateModified\":\"2024-12-19T11:18:11+00:00\",\"breadcrumb\":{\"@id\":\"https:\/\/construccionesyreformaspuchi.es\/#breadcrumb\"},\"inLanguage\":\"en-US\",\"potentialAction\":[{\"@type\":\"ReadAction\",\"target\":[\"https:\/\/construccionesyreformaspuchi.es\/\"]}]},{\"@type\":\"ImageObject\",\"inLanguage\":\"en-US\",\"@id\":\"https:\/\/construccionesyreformaspuchi.es\/#primaryimage\",\"url\":\"https:\/\/construccionesyreformaspuchi.es\/wp-content\/uploads\/2024\/09\/IMG-20240808-WA0050-1.jpg\",\"contentUrl\":\"https:\/\/construccionesyreformaspuchi.es\/wp-content\/uploads\/2024\/09\/IMG-20240808-WA0050-1.jpg\"},{\"@type\":\"BreadcrumbList\",\"@id\":\"https:\/\/construccionesyreformaspuchi.es\/#breadcrumb\",\"itemListElement\":[{\"@type\":\"ListItem\",\"position\":1,\"name\":\"Portada\",\"item\":\"https:\/\/construccionesyreformaspuchi.es\/\"},{\"@type\":\"ListItem\",\"position\":2,\"name\":\"Inicio\"}]},{\"@type\":\"WebSite\",\"@id\":\"https:\/\/construccionesyreformaspuchi.es\/#website\",\"url\":\"https:\/\/construccionesyreformaspuchi.es\/\",\"name\":\"Construcciones y Reformas Puchi\",\"description\":\"Reformas Puchi\",\"publisher\":{\"@id\":\"https:\/\/construccionesyreformaspuchi.es\/#organization\"},\"potentialAction\":[{\"@type\":\"SearchAction\",\"target\":{\"@type\":\"EntryPoint\",\"urlTemplate\":\"https:\/\/construccionesyreformaspuchi.es\/?s={search_term_string}\"},\"query-input\":{\"@type\":\"PropertyValueSpecification\",\"valueRequired\":true,\"valueName\":\"search_term_string\"}}],\"inLanguage\":\"en-US\"},{\"@type\":\"Organization\",\"@id\":\"https:\/\/construccionesyreformaspuchi.es\/#organization\",\"name\":\"Construcciones y Reformas Puchi\",\"url\":\"https:\/\/construccionesyreformaspuchi.es\/\",\"logo\":{\"@type\":\"ImageObject\",\"inLanguage\":\"en-US\",\"@id\":\"https:\/\/construccionesyreformaspuchi.es\/#\/schema\/logo\/image\/\",\"url\":\"https:\/\/construccionesyreformaspuchi.es\/wp-content\/uploads\/2024\/09\/Logo_ContruccionesyreformasPuchi-removebg-preview.png\",\"contentUrl\":\"https:\/\/construccionesyreformaspuchi.es\/wp-content\/uploads\/2024\/09\/Logo_ContruccionesyreformasPuchi-removebg-preview.png\",\"width\":500,\"height\":500,\"caption\":\"Construcciones y Reformas Puchi\"},\"image\":{\"@id\":\"https:\/\/construccionesyreformaspuchi.es\/#\/schema\/logo\/image\/\"}}]}<\/script>\n<!-- \/ Yoast SEO plugin. -->","yoast_head_json":{"title":"Inicio - Construcciones y Reformas Puchi","robots":{"index":"index","follow":"follow","max-snippet":"max-snippet:-1","max-image-preview":"max-image-preview:large","max-video-preview":"max-video-preview:-1"},"canonical":"https:\/\/construccionesyreformaspuchi.es\/en\/","og_locale":"en_US","og_type":"article","og_title":"Inicio - Construcciones y Reformas Puchi","og_description":"Reformas Puchi Calidad y confianza en cada proyecto. CON\u00d3CENOS Nuestra experiencia Nuestra experiencia nos avala: m\u00e1s de 20 a\u00f1os transformando [&hellip;]","og_url":"https:\/\/construccionesyreformaspuchi.es\/en\/","og_site_name":"Construcciones y Reformas Puchi","article_modified_time":"2024-12-19T11:18:11+00:00","og_image":[{"width":768,"height":818,"url":"https:\/\/construccionesyreformaspuchi.es\/wp-content\/uploads\/2024\/09\/IMG-20240808-WA0050-1.jpg","type":"image\/jpeg"}],"twitter_card":"summary_large_image","twitter_misc":{"Est. reading time":"3 minutes"},"schema":{"@context":"https:\/\/schema.org","@graph":[{"@type":"WebPage","@id":"https:\/\/construccionesyreformaspuchi.es\/","url":"https:\/\/construccionesyreformaspuchi.es\/","name":"Inicio - Construcciones y Reformas Puchi","isPartOf":{"@id":"https:\/\/construccionesyreformaspuchi.es\/#website"},"primaryImageOfPage":{"@id":"https:\/\/construccionesyreformaspuchi.es\/#primaryimage"},"image":{"@id":"https:\/\/construccionesyreformaspuchi.es\/#primaryimage"},"thumbnailUrl":"https:\/\/construccionesyreformaspuchi.es\/wp-content\/uploads\/2024\/09\/IMG-20240808-WA0050-1.jpg","datePublished":"2024-09-05T11:16:34+00:00","dateModified":"2024-12-19T11:18:11+00:00","breadcrumb":{"@id":"https:\/\/construccionesyreformaspuchi.es\/#breadcrumb"},"inLanguage":"en-US","potentialAction":[{"@type":"ReadAction","target":["https:\/\/construccionesyreformaspuchi.es\/"]}]},{"@type":"ImageObject","inLanguage":"en-US","@id":"https:\/\/construccionesyreformaspuchi.es\/#primaryimage","url":"https:\/\/construccionesyreformaspuchi.es\/wp-content\/uploads\/2024\/09\/IMG-20240808-WA0050-1.jpg","contentUrl":"https:\/\/construccionesyreformaspuchi.es\/wp-content\/uploads\/2024\/09\/IMG-20240808-WA0050-1.jpg"},{"@type":"BreadcrumbList","@id":"https:\/\/construccionesyreformaspuchi.es\/#breadcrumb","itemListElement":[{"@type":"ListItem","position":1,"name":"Portada","item":"https:\/\/construccionesyreformaspuchi.es\/"},{"@type":"ListItem","position":2,"name":"Inicio"}]},{"@type":"WebSite","@id":"https:\/\/construccionesyreformaspuchi.es\/#website","url":"https:\/\/construccionesyreformaspuchi.es\/","name":"Construcciones y Reformas Puchi","description":"Reformas Puchi","publisher":{"@id":"https:\/\/construccionesyreformaspuchi.es\/#organization"},"potentialAction":[{"@type":"SearchAction","target":{"@type":"EntryPoint","urlTemplate":"https:\/\/construccionesyreformaspuchi.es\/?s={search_term_string}"},"query-input":{"@type":"PropertyValueSpecification","valueRequired":true,"valueName":"search_term_string"}}],"inLanguage":"en-US"},{"@type":"Organization","@id":"https:\/\/construccionesyreformaspuchi.es\/#organization","name":"Construcciones y Reformas Puchi","url":"https:\/\/construccionesyreformaspuchi.es\/","logo":{"@type":"ImageObject","inLanguage":"en-US","@id":"https:\/\/construccionesyreformaspuchi.es\/#\/schema\/logo\/image\/","url":"https:\/\/construccionesyreformaspuchi.es\/wp-content\/uploads\/2024\/09\/Logo_ContruccionesyreformasPuchi-removebg-preview.png","contentUrl":"https:\/\/construccionesyreformaspuchi.es\/wp-content\/uploads\/2024\/09\/Logo_ContruccionesyreformasPuchi-removebg-preview.png","width":500,"height":500,"caption":"Construcciones y Reformas Puchi"},"image":{"@id":"https:\/\/construccionesyreformaspuchi.es\/#\/schema\/logo\/image\/"}}]}},"_links":{"self":[{"href":"https:\/\/construccionesyreformaspuchi.es\/en\/wp-json\/wp\/v2\/pages\/48","targetHints":{"allow":["GET"]}}],"collection":[{"href":"https:\/\/construccionesyreformaspuchi.es\/en\/wp-json\/wp\/v2\/pages"}],"about":[{"href":"https:\/\/construccionesyreformaspuchi.es\/en\/wp-json\/wp\/v2\/types\/page"}],"author":[{"embeddable":true,"href":"https:\/\/construccionesyreformaspuchi.es\/en\/wp-json\/wp\/v2\/users\/1"}],"replies":[{"embeddable":true,"href":"https:\/\/construccionesyreformaspuchi.es\/en\/wp-json\/wp\/v2\/comments?post=48"}],"version-history":[{"count":50,"href":"https:\/\/construccionesyreformaspuchi.es\/en\/wp-json\/wp\/v2\/pages\/48\/revisions"}],"predecessor-version":[{"id":455,"href":"https:\/\/construccionesyreformaspuchi.es\/en\/wp-json\/wp\/v2\/pages\/48\/revisions\/455"}],"wp:attachment":[{"href":"https:\/\/construccionesyreformaspuchi.es\/en\/wp-json\/wp\/v2\/media?parent=48"}],"curies":[{"name":"wp","href":"https:\/\/api.w.org\/{rel}","templated":true}]}}