{"id":277,"date":"2024-09-20T08:50:48","date_gmt":"2024-09-20T08:50:48","guid":{"rendered":"https:\/\/construccionesyreformaspuchi.es\/?page_id=277"},"modified":"2024-09-23T07:35:04","modified_gmt":"2024-09-23T07:35:04","slug":"politica-privacidad","status":"publish","type":"page","link":"https:\/\/construccionesyreformaspuchi.es\/en\/politica-privacidad\/","title":{"rendered":"Private policy"},"content":{"rendered":"<div data-elementor-type=\"wp-page\" data-elementor-id=\"277\" class=\"elementor elementor-277\">\n\t\t\t\t\t\t<section class=\"elementor-section elementor-top-section elementor-element elementor-element-232575be elementor-section-height-min-height elementor-section-boxed elementor-section-height-default elementor-section-items-middle\" data-id=\"232575be\" data-element_type=\"section\" data-settings=\"{&quot;background_background&quot;:&quot;classic&quot;}\">\n\t\t\t\t\t\t\t<div class=\"elementor-background-overlay\"><\/div>\n\t\t\t\t\t\t\t<div class=\"elementor-container elementor-column-gap-default\">\n\t\t\t\t\t<div class=\"elementor-column elementor-col-100 elementor-top-column elementor-element elementor-element-30b0e88e\" data-id=\"30b0e88e\" data-element_type=\"column\">\n\t\t\t<div class=\"elementor-widget-wrap elementor-element-populated\">\n\t\t\t\t\t\t<div class=\"elementor-element elementor-element-284f43f8 elementor-widget elementor-widget-heading\" data-id=\"284f43f8\" data-element_type=\"widget\" data-widget_type=\"heading.default\">\n\t\t\t\t<div class=\"elementor-widget-container\">\n\t\t\t\t\t<h1 class=\"elementor-heading-title elementor-size-xl\">Privacy Policy<\/h1>\t\t\t\t<\/div>\n\t\t\t\t<\/div>\n\t\t\t\t\t<\/div>\n\t\t<\/div>\n\t\t\t\t\t<\/div>\n\t\t<\/section>\n\t\t\t\t<section class=\"elementor-section elementor-top-section elementor-element elementor-element-313c30de elementor-section-boxed elementor-section-height-default elementor-section-height-default\" data-id=\"313c30de\" data-element_type=\"section\" data-settings=\"{&quot;background_background&quot;:&quot;classic&quot;}\">\n\t\t\t\t\t\t<div class=\"elementor-container elementor-column-gap-default\">\n\t\t\t\t\t<div class=\"elementor-column elementor-col-100 elementor-top-column elementor-element elementor-element-385dc97e\" data-id=\"385dc97e\" data-element_type=\"column\">\n\t\t\t<div class=\"elementor-widget-wrap elementor-element-populated\">\n\t\t\t\t\t\t<div class=\"elementor-element elementor-element-452f288b elementor-invisible elementor-widget elementor-widget-text-editor\" data-id=\"452f288b\" data-element_type=\"widget\" data-settings=\"{&quot;_animation&quot;:&quot;fadeInUp&quot;,&quot;_animation_delay&quot;:400}\" data-widget_type=\"text-editor.default\">\n\t\t\t\t<div class=\"elementor-widget-container\">\n\t\t\t\t\t\t\t\t\t<p class=\"translation-block\">In accordance with the provisions of current legislation on data protection, Regulation (EU) 2016\/679 of the European Parliament and of the Council of 27 April 2016 on the protection of natural persons with regard to the processing of personal data and on the free movement of such data (hereinafter, RGPD), as well as Organic Law 3\/2018, of 5 December, on Data Protection and Guarantee of Digital Rights (hereinafter, LOPD-GDD), the user is informed in accordance with the provisions of articles 13 of the RGPD and 11 of the LOPD-GDD:<\/p><p><strong><u>RESPONSIBLE<\/u><\/strong><\/p><p><strong>\u00a0<\/strong><strong>Who is responsible for processing your data?<\/strong><\/p><ul><li class=\"translation-block\">Company name: <strong>Francisco Javier Jim\u00e9nez Carvajal<\/strong><\/li><li class=\"translation-block\">CIF: <strong>74870949S<\/strong><\/li><li>Domicilio: <strong>Pol\u00edgono la Yesera, 6, parcela 123, El Sexmo C\u00e1rtama, 29580 C\u00e1rtama<\/strong><\/li><li class=\"translation-block\">E-mail:\u00a0<strong>INFO@CONSTRUCCIONESYREFORMASPUCHI.ES<\/strong><\/li><li>Registration data in the Mercantile Registry:<strong style=\"font-size: 16px;\">\u00a0<\/strong><\/li><\/ul><p><strong><u>PURPOSE<\/u><\/strong><strong><u>\u00a0<\/u><\/strong><\/p><p><strong>For what purpose will we process your personal data?<\/strong><\/p><p class=\"translation-block\"><strong>Francisco Javier Jim\u00e9nez Carvajal<\/strong> \u00a0 processes your information for:<\/p><ol><li>Maintenance of the commercial relationship and provision of the contracted service.<\/li><li>Preparation of a budget tailored to your needs.<\/li><li>Manage email communications with interested parties.<\/li><li>Carry out the company's selection processes.<\/li><li>Management of employees and human resources of the company.<\/li><li>Manage training activities<\/li><\/ol><p><strong>\u00a0<\/strong><strong>\u00a0<\/strong><\/p><p><strong>How long will we have your data?<\/strong><\/p><p><strong>\u00a0<\/strong>The personal data that you provide us will be kept as long as the current business relationship is maintained. However, in order to have maximum transparency with you, we inform you that the general calculations with which we work are:<\/p><ul><li>Generic identification data (email, name, surname, telephone number, etc.): for the duration of the business relationship or until consent is revoked. In any case, they will be deleted when they are not going to be used for the purpose for which they were collected.<\/li><li>Accounting, tax and labor: six (6) years.<\/li><li>Labor: ten (10) years.<\/li><li class=\"translation-block\">Selection processes: two (2) years from the delivery of the <em>curriculum<\/em><\/li><\/ul><p>Despite the existence of these general deadlines, we inform you that we will periodically review our systems to proceed to eliminate any data that is not legally necessary.<\/p><p><strong><u>LEGITIMATION<\/u><\/strong><\/p><p><strong>What is the legitimacy for the processing of your data?<\/strong><\/p><p><strong>\u00a0<\/strong>Depending on the purposes for which our data is collected, the processing of your data is necessary:<\/p><ol><li><u>Manage the commercial relationship that you have entered into and contracted with us.<\/u><ul><li>Execution of a contract (enabled by Article 6.1.b GDPR)<\/li><li>Consent of the interested party (inhabited by article 6.1.a RGPD)<u>\u00a0<\/u><\/li><\/ul><\/li><li><u>Preparation of a budget tailored to your needs.<\/u><ul><li>Execution of a contract and\/or pre-contractual relationship (enabled by article 6.1.b GDPR)<\/li><\/ul><\/li><li><u>Manage email communications with interested parties.<\/u><ul><li>Consent of the interested party (inhabited by article 6.1.a RGPD)<\/li><li>Legitimate interest (enabled by Article 6.1.f GDPR)<\/li><\/ul><\/li><li><u>Carry out the company's selection processes.<\/u><ul><li>Consent of the interested party (inhabited by article 6.1.a RGPD)<\/li><\/ul><\/li><li><u>Gesti\u00f3n de los empleados y recursos humanos internos de la sociedad<\/u><ul><li>Ejecuci\u00f3n contractual (habilitado por el art\u00edculo 6.1.b RGPD)<\/li><\/ul><\/li><li><u>Manage training activities<\/u><ul><li>Execution of a contract (enabled by Article 6.1.b GDPR)<\/li><li>Consent of the interested party (inhabited by article 6.1.a RGPD)<\/li><\/ul><\/li><\/ol><p class=\"translation-block\">Likewise, all data collected is necessary for the provision of the service. However, data marked with an asterisk (*) will be mandatory. If the mandatory data is not provided, <strong>Francisco Javier Jim\u00e9nez Carvajal<\/strong>\u00a0<strong>\u00a0<\/strong>will not be able to provide you with the contracted service.<\/p><p><strong><u>RIGHTS OF INTERESTED PERSONS<\/u><\/strong><\/p><p><strong>What rights do I have regarding data protection?<\/strong><\/p><p><strong>\u00a0<\/strong>Conforme a lo establecido en los art\u00edculos 13 RGPD y 11.2.c) LOPDGDD, puede ejercitar cualquiera de los siguientes derechos comunic\u00e1ndonoslo a la direcci\u00f3n postal <strong>Pol\u00edgono la Yesera, 6, parcela 123, El Sexmo C\u00e1rtama, 29580 C\u00e1rtama<\/strong>\u00a0 o a la direcci\u00f3n electr\u00f3nica <strong>INFO@CONSTRUCCIONESYREFORMASPUCHI.ES<\/strong>\u00a0 En todo caso, seg\u00fan la normativa vigente tiene reconocidos los siguientes derechos de acuerdo a lo contenido en los art\u00edculo 15 a 22 RGPD y 12 a 18 LOPDGDD:<\/p><ul><li>Right to request access to personal data relating to the interested party.<\/li><li>Right to request rectification or deletion.<\/li><li>Right to request limitation of processing.<\/li><li>Right to object to processing.<\/li><li>Right to portability.<\/li><\/ul><p>You may request the forms to exercise your rights from the Controller, through the email address indicated in the controller's details. Additionally, you may file a claim with the Spanish Data Protection Agency (AEPD). More information in Section VII of this document.<\/p><p><strong><u>RECIPIENTS<\/u><\/strong><\/p><p><strong>\u00a0<\/strong><strong>To which recipients will your data be communicated?<\/strong><strong><em>\u00a0<\/em><\/strong><\/p><p>You will always be informed and, where appropriate, your express consent will be requested to transfer your personal data or carry out international transfers in accordance with current regulations (arts. 13.1.e) and 44 GDPR, as well as art. 11.1 and 40 LOPDGDD 3\/2018).<\/p><p><strong><u>ORIGIN OF YOUR DATA<\/u><\/strong><\/p><p><strong>How did we obtain your data?<\/strong><strong>\u00a0<\/strong><\/p><p class=\"translation-block\">The personal data used by <strong>Francisco Javier Jim\u00e9nez Carvajal<\/strong><strong>\u00a0<\/strong>\u00a0\u00a0\u00a0comes from the interested party himself, thus complying with the provisions of articles 13 RGPD and 11 LOPDGDD already mentioned, or from group or collaborating companies, about which you can obtain more information by writing to the email address <strong>INFO@CONSTRUCCIONESYREFORMASPUCHI.ES <\/strong>or at the office of the Controller at the postal address indicated in this document.<\/p><p><strong>What categories of data do we handle?<\/strong><\/p><p>The categories of personal data that are processed:<\/p><ol><li>Identification data<ul><li>Name<\/li><li>Family name<\/li><li>DNI \/ NIE \/ Passport or equivalent<\/li><li>Post addresses<\/li><li>Email addresses<\/li><li>Sex<\/li><li>Birthdate<\/li><li>Place of birth<\/li><li>Contact phone number (mobile\/landline)<\/li><\/ul><\/li><li>Economic data<ul><li>Bank account number<\/li><li>Credit card number<\/li><\/ul><\/li><li>Curriculum vitae<ul><li>Academic data<\/li><li>Titles<\/li><li>Hobbies<\/li><li>Membership of associations or clubs<\/li><\/ul><\/li><\/ol><p>The processing of sensitive data will be carried out in accordance with the provisions of articles 9 GDPR and 9 LOPDGDD, informing the interested party in all cases about which data will be used by the controller.<\/p><p><strong><u>CONTROL AUTHORITY<\/u><\/strong><\/p><p class=\"translation-block\"><strong>Francisco Javier Jim\u00e9nez Carvajal<\/strong> We make every effort to comply with data protection regulations, as this is our most valuable asset. However, we would like to inform you that if you believe that your rights have been violated, you may file a complaint with the Spanish Data Protection Agency (AEPD), located at C\/ Jorge Juan, 6. 28001 \u2013 Madrid. More information about the <a href=\"http:\/\/www.agpd.es\/\" target=\"_self\">AEPD<\/a>. Documentation prepared by <a href=\"https:\/\/legaldpo.es\/\" target=\"_self\">LegalDPO<\/a>.<\/p>\t\t\t\t\t\t\t\t<\/div>\n\t\t\t\t<\/div>\n\t\t\t\t\t<\/div>\n\t\t<\/div>\n\t\t\t\t\t<\/div>\n\t\t<\/section>\n\t\t\t\t<\/div>","protected":false},"excerpt":{"rendered":"<p>Pol\u00edtica de privacidad De conformidad con lo establecido en la legislaci\u00f3n vigente sobre protecci\u00f3n de datos, el\u00a0Reglamento (UE) 2016\/679, del [&hellip;]<\/p>","protected":false},"author":1,"featured_media":0,"parent":0,"menu_order":0,"comment_status":"closed","ping_status":"closed","template":"","meta":{"site-sidebar-layout":"no-sidebar","site-content-layout":"","ast-site-content-layout":"full-width-container","site-content-style":"default","site-sidebar-style":"default","ast-global-header-display":"","ast-banner-title-visibility":"","ast-main-header-display":"","ast-hfb-above-header-display":"","ast-hfb-below-header-display":"","ast-hfb-mobile-header-display":"","site-post-title":"disabled","ast-breadcrumbs-content":"","ast-featured-img":"disabled","footer-sml-layout":"","theme-transparent-header-meta":"","adv-header-id-meta":"","stick-header-meta":"","header-above-stick-meta":"","header-main-stick-meta":"","header-below-stick-meta":"","astra-migrate-meta-layouts":"default","ast-page-background-enabled":"default","ast-page-background-meta":{"desktop":{"background-color":"var(--ast-global-color-4)","background-image":"","background-repeat":"repeat","background-position":"center center","background-size":"auto","background-attachment":"scroll","background-type":"","background-media":"","overlay-type":"","overlay-color":"","overlay-opacity":"","overlay-gradient":""},"tablet":{"background-color":"","background-image":"","background-repeat":"repeat","background-position":"center center","background-size":"auto","background-attachment":"scroll","background-type":"","background-media":"","overlay-type":"","overlay-color":"","overlay-opacity":"","overlay-gradient":""},"mobile":{"background-color":"","background-image":"","background-repeat":"repeat","background-position":"center center","background-size":"auto","background-attachment":"scroll","background-type":"","background-media":"","overlay-type":"","overlay-color":"","overlay-opacity":"","overlay-gradient":""}},"ast-content-background-meta":{"desktop":{"background-color":"var(--ast-global-color-5)","background-image":"","background-repeat":"repeat","background-position":"center center","background-size":"auto","background-attachment":"scroll","background-type":"","background-media":"","overlay-type":"","overlay-color":"","overlay-opacity":"","overlay-gradient":""},"tablet":{"background-color":"var(--ast-global-color-5)","background-image":"","background-repeat":"repeat","background-position":"center center","background-size":"auto","background-attachment":"scroll","background-type":"","background-media":"","overlay-type":"","overlay-color":"","overlay-opacity":"","overlay-gradient":""},"mobile":{"background-color":"var(--ast-global-color-5)","background-image":"","background-repeat":"repeat","background-position":"center center","background-size":"auto","background-attachment":"scroll","background-type":"","background-media":"","overlay-type":"","overlay-color":"","overlay-opacity":"","overlay-gradient":""}},"footnotes":""},"class_list":["post-277","page","type-page","status-publish","hentry"],"yoast_head":"<!-- This site is optimized with the Yoast SEO plugin v24.2 - https:\/\/yoast.com\/wordpress\/plugins\/seo\/ -->\n<title>Pol\u00edtica Privacidad - Construcciones y Reformas Puchi<\/title>\n<meta name=\"robots\" content=\"index, follow, max-snippet:-1, max-image-preview:large, max-video-preview:-1\" \/>\n<link rel=\"canonical\" href=\"https:\/\/construccionesyreformaspuchi.es\/en\/politica-privacidad\/\" \/>\n<meta property=\"og:locale\" content=\"en_US\" \/>\n<meta property=\"og:type\" content=\"article\" \/>\n<meta property=\"og:title\" content=\"Pol\u00edtica Privacidad - Construcciones y Reformas Puchi\" \/>\n<meta property=\"og:description\" content=\"Pol\u00edtica de privacidad De conformidad con lo establecido en la legislaci\u00f3n vigente sobre protecci\u00f3n de datos, el\u00a0Reglamento (UE) 2016\/679, del [&hellip;]\" \/>\n<meta property=\"og:url\" content=\"https:\/\/construccionesyreformaspuchi.es\/en\/politica-privacidad\/\" \/>\n<meta property=\"og:site_name\" content=\"Construcciones y Reformas Puchi\" \/>\n<meta property=\"article:modified_time\" content=\"2024-09-23T07:35:04+00:00\" \/>\n<meta name=\"twitter:card\" content=\"summary_large_image\" \/>\n<meta name=\"twitter:label1\" content=\"Est. reading time\" \/>\n\t<meta name=\"twitter:data1\" content=\"5 minutes\" \/>\n<script type=\"application\/ld+json\" class=\"yoast-schema-graph\">{\"@context\":\"https:\/\/schema.org\",\"@graph\":[{\"@type\":\"WebPage\",\"@id\":\"https:\/\/construccionesyreformaspuchi.es\/politica-privacidad\/\",\"url\":\"https:\/\/construccionesyreformaspuchi.es\/politica-privacidad\/\",\"name\":\"Pol\u00edtica Privacidad - Construcciones y Reformas Puchi\",\"isPartOf\":{\"@id\":\"https:\/\/construccionesyreformaspuchi.es\/#website\"},\"datePublished\":\"2024-09-20T08:50:48+00:00\",\"dateModified\":\"2024-09-23T07:35:04+00:00\",\"breadcrumb\":{\"@id\":\"https:\/\/construccionesyreformaspuchi.es\/politica-privacidad\/#breadcrumb\"},\"inLanguage\":\"en-US\",\"potentialAction\":[{\"@type\":\"ReadAction\",\"target\":[\"https:\/\/construccionesyreformaspuchi.es\/politica-privacidad\/\"]}]},{\"@type\":\"BreadcrumbList\",\"@id\":\"https:\/\/construccionesyreformaspuchi.es\/politica-privacidad\/#breadcrumb\",\"itemListElement\":[{\"@type\":\"ListItem\",\"position\":1,\"name\":\"Portada\",\"item\":\"https:\/\/construccionesyreformaspuchi.es\/\"},{\"@type\":\"ListItem\",\"position\":2,\"name\":\"Pol\u00edtica Privacidad\"}]},{\"@type\":\"WebSite\",\"@id\":\"https:\/\/construccionesyreformaspuchi.es\/#website\",\"url\":\"https:\/\/construccionesyreformaspuchi.es\/\",\"name\":\"Construcciones y Reformas Puchi\",\"description\":\"Reformas Puchi\",\"publisher\":{\"@id\":\"https:\/\/construccionesyreformaspuchi.es\/#organization\"},\"potentialAction\":[{\"@type\":\"SearchAction\",\"target\":{\"@type\":\"EntryPoint\",\"urlTemplate\":\"https:\/\/construccionesyreformaspuchi.es\/?s={search_term_string}\"},\"query-input\":{\"@type\":\"PropertyValueSpecification\",\"valueRequired\":true,\"valueName\":\"search_term_string\"}}],\"inLanguage\":\"en-US\"},{\"@type\":\"Organization\",\"@id\":\"https:\/\/construccionesyreformaspuchi.es\/#organization\",\"name\":\"Construcciones y Reformas Puchi\",\"url\":\"https:\/\/construccionesyreformaspuchi.es\/\",\"logo\":{\"@type\":\"ImageObject\",\"inLanguage\":\"en-US\",\"@id\":\"https:\/\/construccionesyreformaspuchi.es\/#\/schema\/logo\/image\/\",\"url\":\"https:\/\/construccionesyreformaspuchi.es\/wp-content\/uploads\/2024\/09\/Logo_ContruccionesyreformasPuchi-removebg-preview.png\",\"contentUrl\":\"https:\/\/construccionesyreformaspuchi.es\/wp-content\/uploads\/2024\/09\/Logo_ContruccionesyreformasPuchi-removebg-preview.png\",\"width\":500,\"height\":500,\"caption\":\"Construcciones y Reformas Puchi\"},\"image\":{\"@id\":\"https:\/\/construccionesyreformaspuchi.es\/#\/schema\/logo\/image\/\"}}]}<\/script>\n<!-- \/ Yoast SEO plugin. -->","yoast_head_json":{"title":"Pol\u00edtica Privacidad - Construcciones y Reformas Puchi","robots":{"index":"index","follow":"follow","max-snippet":"max-snippet:-1","max-image-preview":"max-image-preview:large","max-video-preview":"max-video-preview:-1"},"canonical":"https:\/\/construccionesyreformaspuchi.es\/en\/politica-privacidad\/","og_locale":"en_US","og_type":"article","og_title":"Pol\u00edtica Privacidad - Construcciones y Reformas Puchi","og_description":"Pol\u00edtica de privacidad De conformidad con lo establecido en la legislaci\u00f3n vigente sobre protecci\u00f3n de datos, el\u00a0Reglamento (UE) 2016\/679, del [&hellip;]","og_url":"https:\/\/construccionesyreformaspuchi.es\/en\/politica-privacidad\/","og_site_name":"Construcciones y Reformas Puchi","article_modified_time":"2024-09-23T07:35:04+00:00","twitter_card":"summary_large_image","twitter_misc":{"Est. reading time":"5 minutes"},"schema":{"@context":"https:\/\/schema.org","@graph":[{"@type":"WebPage","@id":"https:\/\/construccionesyreformaspuchi.es\/politica-privacidad\/","url":"https:\/\/construccionesyreformaspuchi.es\/politica-privacidad\/","name":"Pol\u00edtica Privacidad - Construcciones y Reformas Puchi","isPartOf":{"@id":"https:\/\/construccionesyreformaspuchi.es\/#website"},"datePublished":"2024-09-20T08:50:48+00:00","dateModified":"2024-09-23T07:35:04+00:00","breadcrumb":{"@id":"https:\/\/construccionesyreformaspuchi.es\/politica-privacidad\/#breadcrumb"},"inLanguage":"en-US","potentialAction":[{"@type":"ReadAction","target":["https:\/\/construccionesyreformaspuchi.es\/politica-privacidad\/"]}]},{"@type":"BreadcrumbList","@id":"https:\/\/construccionesyreformaspuchi.es\/politica-privacidad\/#breadcrumb","itemListElement":[{"@type":"ListItem","position":1,"name":"Portada","item":"https:\/\/construccionesyreformaspuchi.es\/"},{"@type":"ListItem","position":2,"name":"Pol\u00edtica Privacidad"}]},{"@type":"WebSite","@id":"https:\/\/construccionesyreformaspuchi.es\/#website","url":"https:\/\/construccionesyreformaspuchi.es\/","name":"Construcciones y Reformas Puchi","description":"Reformas Puchi","publisher":{"@id":"https:\/\/construccionesyreformaspuchi.es\/#organization"},"potentialAction":[{"@type":"SearchAction","target":{"@type":"EntryPoint","urlTemplate":"https:\/\/construccionesyreformaspuchi.es\/?s={search_term_string}"},"query-input":{"@type":"PropertyValueSpecification","valueRequired":true,"valueName":"search_term_string"}}],"inLanguage":"en-US"},{"@type":"Organization","@id":"https:\/\/construccionesyreformaspuchi.es\/#organization","name":"Construcciones y Reformas Puchi","url":"https:\/\/construccionesyreformaspuchi.es\/","logo":{"@type":"ImageObject","inLanguage":"en-US","@id":"https:\/\/construccionesyreformaspuchi.es\/#\/schema\/logo\/image\/","url":"https:\/\/construccionesyreformaspuchi.es\/wp-content\/uploads\/2024\/09\/Logo_ContruccionesyreformasPuchi-removebg-preview.png","contentUrl":"https:\/\/construccionesyreformaspuchi.es\/wp-content\/uploads\/2024\/09\/Logo_ContruccionesyreformasPuchi-removebg-preview.png","width":500,"height":500,"caption":"Construcciones y Reformas Puchi"},"image":{"@id":"https:\/\/construccionesyreformaspuchi.es\/#\/schema\/logo\/image\/"}}]}},"_links":{"self":[{"href":"https:\/\/construccionesyreformaspuchi.es\/en\/wp-json\/wp\/v2\/pages\/277","targetHints":{"allow":["GET"]}}],"collection":[{"href":"https:\/\/construccionesyreformaspuchi.es\/en\/wp-json\/wp\/v2\/pages"}],"about":[{"href":"https:\/\/construccionesyreformaspuchi.es\/en\/wp-json\/wp\/v2\/types\/page"}],"author":[{"embeddable":true,"href":"https:\/\/construccionesyreformaspuchi.es\/en\/wp-json\/wp\/v2\/users\/1"}],"replies":[{"embeddable":true,"href":"https:\/\/construccionesyreformaspuchi.es\/en\/wp-json\/wp\/v2\/comments?post=277"}],"version-history":[{"count":19,"href":"https:\/\/construccionesyreformaspuchi.es\/en\/wp-json\/wp\/v2\/pages\/277\/revisions"}],"predecessor-version":[{"id":336,"href":"https:\/\/construccionesyreformaspuchi.es\/en\/wp-json\/wp\/v2\/pages\/277\/revisions\/336"}],"wp:attachment":[{"href":"https:\/\/construccionesyreformaspuchi.es\/en\/wp-json\/wp\/v2\/media?parent=277"}],"curies":[{"name":"wp","href":"https:\/\/api.w.org\/{rel}","templated":true}]}}